{"id":184,"date":"2025-07-06T16:49:54","date_gmt":"2025-07-06T16:49:54","guid":{"rendered":"https:\/\/psicologiaessencial.com.br\/eventos\/?page_id=184"},"modified":"2025-07-06T17:17:55","modified_gmt":"2025-07-06T17:17:55","slug":"pagina-inicial","status":"publish","type":"page","link":"https:\/\/psicologiaessencial.com.br\/eventos\/","title":{"rendered":"P\u00e1gina Inicial"},"content":{"rendered":"\t\t<div data-elementor-type=\"wp-page\" data-elementor-id=\"184\" class=\"elementor elementor-184\" data-elementor-post-type=\"page\">\n\t\t\t\t<div data-particle_enable=\"false\" data-particle-mobile-disabled=\"false\" class=\"elementor-element elementor-element-14bc87a e-flex e-con-boxed e-con e-parent\" data-id=\"14bc87a\" data-element_type=\"container\">\n\t\t\t\t\t<div class=\"e-con-inner\">\n\t\t<div data-particle_enable=\"false\" data-particle-mobile-disabled=\"false\" class=\"elementor-element elementor-element-11b2a6f1 e-con-full e-flex e-con e-child\" data-id=\"11b2a6f1\" data-element_type=\"container\" data-settings=\"{&quot;background_background&quot;:&quot;classic&quot;}\">\n\t\t\t\t<div class=\"elementor-element elementor-element-351b2e84 elementor-widget elementor-widget-heading\" data-id=\"351b2e84\" data-element_type=\"widget\" data-widget_type=\"heading.default\">\n\t\t\t\t\t<h2 class=\"elementor-heading-title elementor-size-default\">Pr\u00f3ximos eventos<\/h2>\t\t\t\t<\/div>\n\t\t<div data-particle_enable=\"false\" data-particle-mobile-disabled=\"false\" class=\"elementor-element elementor-element-2018efda e-con-full e-flex e-con e-child\" data-id=\"2018efda\" data-element_type=\"container\">\n\t\t<div data-particle_enable=\"false\" data-particle-mobile-disabled=\"false\" class=\"elementor-element elementor-element-5bf54f76 e-con-full e-flex e-con e-child\" data-id=\"5bf54f76\" data-element_type=\"container\">\n\t\t\t\t<div class=\"elementor-element elementor-element-6c18b27b elementor-cta--layout-image-above elementor-widget__width-inherit elementor-cta--skin-classic elementor-animated-content elementor-bg-transform elementor-bg-transform-zoom-in elementor-widget elementor-widget-call-to-action\" data-id=\"6c18b27b\" data-element_type=\"widget\" data-widget_type=\"call-to-action.default\">\n\t\t\t\t\t\t\t<div class=\"elementor-cta\">\n\t\t\t\t\t<div class=\"elementor-cta__bg-wrapper\">\n\t\t\t\t<div class=\"elementor-cta__bg elementor-bg\" style=\"background-image: url(https:\/\/psicologiaessencial.com.br\/eventos\/wp-content\/uploads\/2025\/07\/Foto-Poder-IMG_0241_Ed-1024x768.jpg);\" role=\"img\" aria-label=\"Foto Poder IMG 0241 Ed\"><\/div>\n\t\t\t\t<div class=\"elementor-cta__bg-overlay\"><\/div>\n\t\t\t<\/div>\n\t\t\t\t\t\t\t<div class=\"elementor-cta__content\">\n\t\t\t\t\n\t\t\t\t\t\t\t\t\t<h2 class=\"elementor-cta__title elementor-cta__content-item elementor-content-item\">\n\t\t\t\t\t\tEntrega ao Fluxo - mergulhando no rio do prazer\t\t\t\t\t<\/h2>\n\t\t\t\t\n\t\t\t\t\t\t\t\t\t<div class=\"elementor-cta__description elementor-cta__content-item elementor-content-item\">\n\t\t\t\t\t\tPresencial em Bras\u00edlia. In\u00edcio em agosto 2025. Inscri\u00e7\u00f5es abertas.\t\t\t\t\t<\/div>\n\t\t\t\t\n\t\t\t\t\t\t\t<\/div>\n\t\t\t\t\t\t<\/div>\n\t\t\t\t\t\t<\/div>\n\t\t\t\t<div class=\"elementor-element elementor-element-62eaec69 elementor-widget elementor-widget-button\" data-id=\"62eaec69\" data-element_type=\"widget\" data-widget_type=\"button.default\">\n\t\t\t\t\t\t\t\t\t\t<a class=\"elementor-button elementor-button-link elementor-size-sm\" href=\"https:\/\/psicologiaessencial.com.br\/eventos\/grupo-fluxo-da-vida-mergulhando-no-rio-do-prazer\">\n\t\t\t\t\t\t<span class=\"elementor-button-content-wrapper\">\n\t\t\t\t\t\t\t\t\t<span class=\"elementor-button-text\">saiba mais<\/span>\n\t\t\t\t\t<\/span>\n\t\t\t\t\t<\/a>\n\t\t\t\t\t\t\t\t<\/div>\n\t\t\t\t<\/div>\n\t\t<div data-particle_enable=\"false\" data-particle-mobile-disabled=\"false\" class=\"elementor-element elementor-element-2fb3c09b e-con-full e-flex e-con e-child\" data-id=\"2fb3c09b\" data-element_type=\"container\">\n\t\t\t\t<div class=\"elementor-element elementor-element-4594db9e elementor-cta--layout-image-above elementor-widget__width-inherit elementor-hidden-desktop elementor-hidden-tablet elementor-hidden-mobile elementor-cta--skin-classic elementor-animated-content elementor-bg-transform elementor-bg-transform-zoom-in elementor-widget elementor-widget-call-to-action\" data-id=\"4594db9e\" data-element_type=\"widget\" data-widget_type=\"call-to-action.default\">\n\t\t\t\t\t\t\t<div class=\"elementor-cta\">\n\t\t\t\t\t\t\t<div class=\"elementor-cta__content\">\n\t\t\t\t\n\t\t\t\t\t\t\t\t\t<h2 class=\"elementor-cta__title elementor-cta__content-item elementor-content-item\">\n\t\t\t\t\t\tWorkshop name\t\t\t\t\t<\/h2>\n\t\t\t\t\n\t\t\t\t\t\t\t\t\t<div class=\"elementor-cta__description elementor-cta__content-item elementor-content-item\">\n\t\t\t\t\t\tLorem ipsum dolor sit amet, te has solet postea. Voluptua quaestio dissentias has ex, no eum aliquid tibique petentium, agam mucius\t\t\t\t\t<\/div>\n\t\t\t\t\n\t\t\t\t\t\t\t<\/div>\n\t\t\t\t\t\t<\/div>\n\t\t\t\t\t\t<\/div>\n\t\t\t\t<div class=\"elementor-element elementor-element-26bf5754 elementor-hidden-desktop elementor-hidden-tablet elementor-hidden-mobile elementor-widget elementor-widget-button\" data-id=\"26bf5754\" data-element_type=\"widget\" data-widget_type=\"button.default\">\n\t\t\t\t\t\t\t\t\t\t<a class=\"elementor-button elementor-button-link elementor-size-sm\" href=\"#\">\n\t\t\t\t\t\t<span class=\"elementor-button-content-wrapper\">\n\t\t\t\t\t\t\t\t\t<span class=\"elementor-button-text\">Learn more<\/span>\n\t\t\t\t\t<\/span>\n\t\t\t\t\t<\/a>\n\t\t\t\t\t\t\t\t<\/div>\n\t\t\t\t<\/div>\n\t\t<div data-particle_enable=\"false\" data-particle-mobile-disabled=\"false\" class=\"elementor-element elementor-element-7ef1598f e-con-full e-flex e-con e-child\" data-id=\"7ef1598f\" data-element_type=\"container\">\n\t\t\t\t<div class=\"elementor-element elementor-element-6cf535ce elementor-cta--layout-image-above elementor-widget__width-inherit elementor-hidden-desktop elementor-hidden-tablet elementor-hidden-mobile elementor-cta--skin-classic elementor-animated-content elementor-bg-transform elementor-bg-transform-zoom-in elementor-widget elementor-widget-call-to-action\" data-id=\"6cf535ce\" data-element_type=\"widget\" data-widget_type=\"call-to-action.default\">\n\t\t\t\t\t\t\t<div class=\"elementor-cta\">\n\t\t\t\t\t\t\t<div class=\"elementor-cta__content\">\n\t\t\t\t\n\t\t\t\t\t\t\t\t\t<h2 class=\"elementor-cta__title elementor-cta__content-item elementor-content-item\">\n\t\t\t\t\t\tWorkshop name\t\t\t\t\t<\/h2>\n\t\t\t\t\n\t\t\t\t\t\t\t\t\t<div class=\"elementor-cta__description elementor-cta__content-item elementor-content-item\">\n\t\t\t\t\t\tLorem ipsum dolor sit amet, te has solet postea. Voluptua quaestio dissentias has ex, no eum aliquid tibique petentium, agam mucius\t\t\t\t\t<\/div>\n\t\t\t\t\n\t\t\t\t\t\t\t<\/div>\n\t\t\t\t\t\t<\/div>\n\t\t\t\t\t\t<\/div>\n\t\t\t\t<div class=\"elementor-element elementor-element-425bb61b elementor-hidden-desktop elementor-hidden-tablet elementor-hidden-mobile elementor-widget elementor-widget-button\" data-id=\"425bb61b\" data-element_type=\"widget\" data-widget_type=\"button.default\">\n\t\t\t\t\t\t\t\t\t\t<a class=\"elementor-button elementor-button-link elementor-size-sm\" href=\"#\">\n\t\t\t\t\t\t<span class=\"elementor-button-content-wrapper\">\n\t\t\t\t\t\t\t\t\t<span class=\"elementor-button-text\">Learn more<\/span>\n\t\t\t\t\t<\/span>\n\t\t\t\t\t<\/a>\n\t\t\t\t\t\t\t\t<\/div>\n\t\t\t\t<\/div>\n\t\t\t\t<\/div>\n\t\t\t\t<\/div>\n\t\t\t\t\t<\/div>\n\t\t\t\t<\/div>\n\t\t\t\t<\/div>\n\t\t","protected":false},"excerpt":{"rendered":"<p>Pr\u00f3ximos eventos Entrega ao Fluxo &#8211; mergulhando no rio do prazer Presencial em Bras\u00edlia. In\u00edcio em agosto 2025. Inscri\u00e7\u00f5es abertas. saiba mais Workshop name Lorem ipsum dolor sit amet, te has solet postea. Voluptua quaestio dissentias has ex, no eum aliquid tibique petentium, agam mucius Learn more Workshop name Lorem ipsum dolor sit amet, te [&hellip;]<\/p>\n","protected":false},"author":1,"featured_media":195,"parent":0,"menu_order":0,"comment_status":"closed","ping_status":"closed","template":"template-plain","meta":{"footnotes":""},"class_list":["post-184","page","type-page","status-publish","has-post-thumbnail","hentry"],"yoast_head":"<!-- This site is optimized with the Yoast SEO Premium plugin v25.4 (Yoast SEO v26.7) - https:\/\/yoast.com\/wordpress\/plugins\/seo\/ -->\n<title>P\u00e1gina Inicial - Psicologia Essencial Eventos<\/title>\n<meta name=\"robots\" content=\"index, follow, max-snippet:-1, max-image-preview:large, max-video-preview:-1\" \/>\n<link rel=\"canonical\" href=\"https:\/\/psicologiaessencial.com.br\/eventos\/\" \/>\n<meta property=\"og:locale\" content=\"pt_BR\" \/>\n<meta property=\"og:type\" content=\"article\" \/>\n<meta property=\"og:title\" content=\"P\u00e1gina Inicial\" \/>\n<meta property=\"og:description\" content=\"Pr\u00f3ximos eventos Entrega ao Fluxo &#8211; mergulhando no rio do prazer Presencial em Bras\u00edlia. In\u00edcio em agosto 2025. Inscri\u00e7\u00f5es abertas. saiba mais Workshop name Lorem ipsum dolor sit amet, te has solet postea. Voluptua quaestio dissentias has ex, no eum aliquid tibique petentium, agam mucius Learn more Workshop name Lorem ipsum dolor sit amet, te [&hellip;]\" \/>\n<meta property=\"og:url\" content=\"https:\/\/psicologiaessencial.com.br\/eventos\/\" \/>\n<meta property=\"og:site_name\" content=\"Psicologia Essencial Eventos\" \/>\n<meta property=\"article:modified_time\" content=\"2025-07-06T17:17:55+00:00\" \/>\n<meta property=\"og:image\" content=\"https:\/\/psicologiaessencial.com.br\/eventos\/wp-content\/uploads\/2025\/07\/marca_fernando_aguiar_png.png\" \/>\n\t<meta property=\"og:image:width\" content=\"850\" \/>\n\t<meta property=\"og:image:height\" content=\"567\" \/>\n\t<meta property=\"og:image:type\" content=\"image\/png\" \/>\n<meta name=\"twitter:card\" content=\"summary_large_image\" \/>\n<script type=\"application\/ld+json\" class=\"yoast-schema-graph\">{\"@context\":\"https:\/\/schema.org\",\"@graph\":[{\"@type\":\"WebPage\",\"@id\":\"https:\/\/psicologiaessencial.com.br\/eventos\/\",\"url\":\"https:\/\/psicologiaessencial.com.br\/eventos\/\",\"name\":\"P\u00e1gina Inicial - Psicologia Essencial Eventos\",\"isPartOf\":{\"@id\":\"https:\/\/psicologiaessencial.com.br\/eventos\/#website\"},\"primaryImageOfPage\":{\"@id\":\"https:\/\/psicologiaessencial.com.br\/eventos\/#primaryimage\"},\"image\":{\"@id\":\"https:\/\/psicologiaessencial.com.br\/eventos\/#primaryimage\"},\"thumbnailUrl\":\"https:\/\/psicologiaessencial.com.br\/eventos\/wp-content\/uploads\/2025\/07\/marca_fernando_aguiar_png.png\",\"datePublished\":\"2025-07-06T16:49:54+00:00\",\"dateModified\":\"2025-07-06T17:17:55+00:00\",\"breadcrumb\":{\"@id\":\"https:\/\/psicologiaessencial.com.br\/eventos\/#breadcrumb\"},\"inLanguage\":\"pt-BR\",\"potentialAction\":[{\"@type\":\"ReadAction\",\"target\":[\"https:\/\/psicologiaessencial.com.br\/eventos\/\"]}]},{\"@type\":\"ImageObject\",\"inLanguage\":\"pt-BR\",\"@id\":\"https:\/\/psicologiaessencial.com.br\/eventos\/#primaryimage\",\"url\":\"https:\/\/psicologiaessencial.com.br\/eventos\/wp-content\/uploads\/2025\/07\/marca_fernando_aguiar_png.png\",\"contentUrl\":\"https:\/\/psicologiaessencial.com.br\/eventos\/wp-content\/uploads\/2025\/07\/marca_fernando_aguiar_png.png\",\"width\":850,\"height\":567},{\"@type\":\"BreadcrumbList\",\"@id\":\"https:\/\/psicologiaessencial.com.br\/eventos\/#breadcrumb\",\"itemListElement\":[{\"@type\":\"ListItem\",\"position\":1,\"name\":\"In\u00edcio\",\"item\":\"https:\/\/psicologiaessencial.com.br\/eventos\/\"},{\"@type\":\"ListItem\",\"position\":2,\"name\":\"P\u00e1gina Inicial\"}]},{\"@type\":\"WebSite\",\"@id\":\"https:\/\/psicologiaessencial.com.br\/eventos\/#website\",\"url\":\"https:\/\/psicologiaessencial.com.br\/eventos\/\",\"name\":\"Psicologia Essencial Eventos\",\"description\":\"\",\"publisher\":{\"@id\":\"https:\/\/psicologiaessencial.com.br\/eventos\/#organization\"},\"potentialAction\":[{\"@type\":\"SearchAction\",\"target\":{\"@type\":\"EntryPoint\",\"urlTemplate\":\"https:\/\/psicologiaessencial.com.br\/eventos\/?s={search_term_string}\"},\"query-input\":{\"@type\":\"PropertyValueSpecification\",\"valueRequired\":true,\"valueName\":\"search_term_string\"}}],\"inLanguage\":\"pt-BR\"},{\"@type\":\"Organization\",\"@id\":\"https:\/\/psicologiaessencial.com.br\/eventos\/#organization\",\"name\":\"Psicologia Essencial Eventos\",\"url\":\"https:\/\/psicologiaessencial.com.br\/eventos\/\",\"logo\":{\"@type\":\"ImageObject\",\"inLanguage\":\"pt-BR\",\"@id\":\"https:\/\/psicologiaessencial.com.br\/eventos\/#\/schema\/logo\/image\/\",\"url\":\"https:\/\/psicologiaessencial.com.br\/eventos\/wp-content\/uploads\/2025\/07\/logo_fundo_transp_400px.png\",\"contentUrl\":\"https:\/\/psicologiaessencial.com.br\/eventos\/wp-content\/uploads\/2025\/07\/logo_fundo_transp_400px.png\",\"width\":400,\"height\":102,\"caption\":\"Psicologia Essencial Eventos\"},\"image\":{\"@id\":\"https:\/\/psicologiaessencial.com.br\/eventos\/#\/schema\/logo\/image\/\"}}]}<\/script>\n<!-- \/ Yoast SEO Premium plugin. -->","yoast_head_json":{"title":"P\u00e1gina Inicial - Psicologia Essencial Eventos","robots":{"index":"index","follow":"follow","max-snippet":"max-snippet:-1","max-image-preview":"max-image-preview:large","max-video-preview":"max-video-preview:-1"},"canonical":"https:\/\/psicologiaessencial.com.br\/eventos\/","og_locale":"pt_BR","og_type":"article","og_title":"P\u00e1gina Inicial","og_description":"Pr\u00f3ximos eventos Entrega ao Fluxo &#8211; mergulhando no rio do prazer Presencial em Bras\u00edlia. In\u00edcio em agosto 2025. Inscri\u00e7\u00f5es abertas. saiba mais Workshop name Lorem ipsum dolor sit amet, te has solet postea. Voluptua quaestio dissentias has ex, no eum aliquid tibique petentium, agam mucius Learn more Workshop name Lorem ipsum dolor sit amet, te [&hellip;]","og_url":"https:\/\/psicologiaessencial.com.br\/eventos\/","og_site_name":"Psicologia Essencial Eventos","article_modified_time":"2025-07-06T17:17:55+00:00","og_image":[{"width":850,"height":567,"url":"https:\/\/psicologiaessencial.com.br\/eventos\/wp-content\/uploads\/2025\/07\/marca_fernando_aguiar_png.png","type":"image\/png"}],"twitter_card":"summary_large_image","schema":{"@context":"https:\/\/schema.org","@graph":[{"@type":"WebPage","@id":"https:\/\/psicologiaessencial.com.br\/eventos\/","url":"https:\/\/psicologiaessencial.com.br\/eventos\/","name":"P\u00e1gina Inicial - Psicologia Essencial Eventos","isPartOf":{"@id":"https:\/\/psicologiaessencial.com.br\/eventos\/#website"},"primaryImageOfPage":{"@id":"https:\/\/psicologiaessencial.com.br\/eventos\/#primaryimage"},"image":{"@id":"https:\/\/psicologiaessencial.com.br\/eventos\/#primaryimage"},"thumbnailUrl":"https:\/\/psicologiaessencial.com.br\/eventos\/wp-content\/uploads\/2025\/07\/marca_fernando_aguiar_png.png","datePublished":"2025-07-06T16:49:54+00:00","dateModified":"2025-07-06T17:17:55+00:00","breadcrumb":{"@id":"https:\/\/psicologiaessencial.com.br\/eventos\/#breadcrumb"},"inLanguage":"pt-BR","potentialAction":[{"@type":"ReadAction","target":["https:\/\/psicologiaessencial.com.br\/eventos\/"]}]},{"@type":"ImageObject","inLanguage":"pt-BR","@id":"https:\/\/psicologiaessencial.com.br\/eventos\/#primaryimage","url":"https:\/\/psicologiaessencial.com.br\/eventos\/wp-content\/uploads\/2025\/07\/marca_fernando_aguiar_png.png","contentUrl":"https:\/\/psicologiaessencial.com.br\/eventos\/wp-content\/uploads\/2025\/07\/marca_fernando_aguiar_png.png","width":850,"height":567},{"@type":"BreadcrumbList","@id":"https:\/\/psicologiaessencial.com.br\/eventos\/#breadcrumb","itemListElement":[{"@type":"ListItem","position":1,"name":"In\u00edcio","item":"https:\/\/psicologiaessencial.com.br\/eventos\/"},{"@type":"ListItem","position":2,"name":"P\u00e1gina Inicial"}]},{"@type":"WebSite","@id":"https:\/\/psicologiaessencial.com.br\/eventos\/#website","url":"https:\/\/psicologiaessencial.com.br\/eventos\/","name":"Psicologia Essencial Eventos","description":"","publisher":{"@id":"https:\/\/psicologiaessencial.com.br\/eventos\/#organization"},"potentialAction":[{"@type":"SearchAction","target":{"@type":"EntryPoint","urlTemplate":"https:\/\/psicologiaessencial.com.br\/eventos\/?s={search_term_string}"},"query-input":{"@type":"PropertyValueSpecification","valueRequired":true,"valueName":"search_term_string"}}],"inLanguage":"pt-BR"},{"@type":"Organization","@id":"https:\/\/psicologiaessencial.com.br\/eventos\/#organization","name":"Psicologia Essencial Eventos","url":"https:\/\/psicologiaessencial.com.br\/eventos\/","logo":{"@type":"ImageObject","inLanguage":"pt-BR","@id":"https:\/\/psicologiaessencial.com.br\/eventos\/#\/schema\/logo\/image\/","url":"https:\/\/psicologiaessencial.com.br\/eventos\/wp-content\/uploads\/2025\/07\/logo_fundo_transp_400px.png","contentUrl":"https:\/\/psicologiaessencial.com.br\/eventos\/wp-content\/uploads\/2025\/07\/logo_fundo_transp_400px.png","width":400,"height":102,"caption":"Psicologia Essencial Eventos"},"image":{"@id":"https:\/\/psicologiaessencial.com.br\/eventos\/#\/schema\/logo\/image\/"}}]}},"jetpack_sharing_enabled":true,"_links":{"self":[{"href":"https:\/\/psicologiaessencial.com.br\/eventos\/wp-json\/wp\/v2\/pages\/184","targetHints":{"allow":["GET"]}}],"collection":[{"href":"https:\/\/psicologiaessencial.com.br\/eventos\/wp-json\/wp\/v2\/pages"}],"about":[{"href":"https:\/\/psicologiaessencial.com.br\/eventos\/wp-json\/wp\/v2\/types\/page"}],"author":[{"embeddable":true,"href":"https:\/\/psicologiaessencial.com.br\/eventos\/wp-json\/wp\/v2\/users\/1"}],"replies":[{"embeddable":true,"href":"https:\/\/psicologiaessencial.com.br\/eventos\/wp-json\/wp\/v2\/comments?post=184"}],"version-history":[{"count":4,"href":"https:\/\/psicologiaessencial.com.br\/eventos\/wp-json\/wp\/v2\/pages\/184\/revisions"}],"predecessor-version":[{"id":198,"href":"https:\/\/psicologiaessencial.com.br\/eventos\/wp-json\/wp\/v2\/pages\/184\/revisions\/198"}],"wp:featuredmedia":[{"embeddable":true,"href":"https:\/\/psicologiaessencial.com.br\/eventos\/wp-json\/wp\/v2\/media\/195"}],"wp:attachment":[{"href":"https:\/\/psicologiaessencial.com.br\/eventos\/wp-json\/wp\/v2\/media?parent=184"}],"curies":[{"name":"wp","href":"https:\/\/api.w.org\/{rel}","templated":true}]}}